{"id":153,"date":"2014-03-25T19:16:41","date_gmt":"2014-03-25T17:16:41","guid":{"rendered":"http:\/\/romantrapp.at\/?page_id=153"},"modified":"2014-03-26T15:43:58","modified_gmt":"2014-03-26T13:43:58","slug":"atmel-addon-board","status":"publish","type":"page","link":"https:\/\/www.romantrapp.at\/?page_id=153","title":{"rendered":"ATMEL Addon-Board"},"content":{"rendered":"<p><a href=\"http:\/\/romantrapp.at\/wp-content\/uploads\/ATMEL_Addon-Board.jpg\"><img loading=\"lazy\" decoding=\"async\" class=\"size-full wp-image-154 alignnone\" alt=\"ATMEL_Addon-Board\" src=\"http:\/\/romantrapp.at\/wp-content\/uploads\/ATMEL_Addon-Board.jpg\" width=\"300\" height=\"225\" \/><\/a><\/p>\n<p>Erweiterungs-Board f\u00fcr das ATMEL Evaluations-Board. S\u00e4mtliche Baugruppen sind individuell auf Microcontrollerports legbar. 5 V- R\u00fcckversorgung auf das Atmel Evaluationsboard, somit ist nur ein Netzteil n\u00f6tig.<\/p>\n<p><a title=\"Quelle\" href=\"http:\/\/www.pollin.de\/shop\/dt\/NjQ5OTgxOTk-\/Bausaetze_Module\/Bausaetze\/Bausatz_ATMEL_Addon_Board_V1_0.html\" target=\"_blank\">Quelle<\/a><\/p>\n","protected":false},"excerpt":{"rendered":"<p>Erweiterungs-Board f\u00fcr das ATMEL Evaluations-Board. S\u00e4mtliche Baugruppen sind individuell auf Microcontrollerports legbar. 5 V- R\u00fcckversorgung auf das Atmel Evaluationsboard, somit ist nur ein Netzteil n\u00f6tig. Quelle<\/p>\n","protected":false},"author":1,"featured_media":0,"parent":164,"menu_order":0,"comment_status":"open","ping_status":"closed","template":"","meta":{"footnotes":""},"class_list":["post-153","page","type-page","status-publish","hentry"],"_links":{"self":[{"href":"https:\/\/www.romantrapp.at\/index.php?rest_route=\/wp\/v2\/pages\/153","targetHints":{"allow":["GET"]}}],"collection":[{"href":"https:\/\/www.romantrapp.at\/index.php?rest_route=\/wp\/v2\/pages"}],"about":[{"href":"https:\/\/www.romantrapp.at\/index.php?rest_route=\/wp\/v2\/types\/page"}],"author":[{"embeddable":true,"href":"https:\/\/www.romantrapp.at\/index.php?rest_route=\/wp\/v2\/users\/1"}],"replies":[{"embeddable":true,"href":"https:\/\/www.romantrapp.at\/index.php?rest_route=%2Fwp%2Fv2%2Fcomments&post=153"}],"version-history":[{"count":1,"href":"https:\/\/www.romantrapp.at\/index.php?rest_route=\/wp\/v2\/pages\/153\/revisions"}],"predecessor-version":[{"id":155,"href":"https:\/\/www.romantrapp.at\/index.php?rest_route=\/wp\/v2\/pages\/153\/revisions\/155"}],"up":[{"embeddable":true,"href":"https:\/\/www.romantrapp.at\/index.php?rest_route=\/wp\/v2\/pages\/164"}],"wp:attachment":[{"href":"https:\/\/www.romantrapp.at\/index.php?rest_route=%2Fwp%2Fv2%2Fmedia&parent=153"}],"curies":[{"name":"wp","href":"https:\/\/api.w.org\/{rel}","templated":true}]}}